{"id":1091,"date":"2015-01-12T15:17:44","date_gmt":"2015-01-12T15:17:44","guid":{"rendered":"http:\/\/www.streetpepper.de\/blog\/?page_id=1091"},"modified":"2020-01-20T10:33:45","modified_gmt":"2020-01-20T10:33:45","slug":"links-2","status":"publish","type":"page","link":"https:\/\/www.streetpepper.de\/blog\/links-2\/","title":{"rendered":"Links"},"content":{"rendered":"<p>Fr\u00fcher waren es Fotoalben, Poesiealben, Briefe die gesammelt wurden. Im digitalen Zeitalter sind es Webseiten. So ver\u00e4ndert sich das eigene Leben, man schlie\u00dft mit Dingen ab und beginnt Neue.<br \/>\nUnd so kommt es, da\u00df auch Webseiten sich ver\u00e4ndern oder gar ganz Neue dazu kommen.<br \/>\nHier eine Sammlung meiner \/ unserer gemeinsamen Webseiten. Seiten mit Dingen, die Klaus und ich zusammen erlebt haben, sehen, schmecken und vieles mehr. Zum St\u00f6bern sicherlich interessant.<\/p>\n<hr>\n<p>Meine <a href=\"http:\/\/www.kuenstle.de\" target=\"_blank\" rel=\"noopener\">Fotokunst<\/a>&nbsp;Seite<\/p>\n<p>Fototouren \/ Fotografieworkshops oder Portraitfotoshootings k\u00f6nnt ihr \u00fcber meinen <a title=\"Fototouren Berlin\" href=\"http:\/\/www.Berlintours.kuenstle.de\" target=\"_blank\" rel=\"noopener\">Fototouren Berlin<\/a> Seite buchen<\/p>\n<p>\u00dcber unsere 2-j\u00e4hrige <a href=\"http:\/\/www.backtrekk.de\" target=\"_blank\" rel=\"noopener\">Fahrrad(Welt)reise<\/a> von Bonn nach \u00c4gypten und zur\u00fcck<\/p>\n<p>Hier findet ihr mich in <a href=\"https:\/\/www.facebook.com\/Andrea.Kuenstle\" target=\"_blank\" rel=\"noopener\">Facebook<\/a><strong><span style=\"color: #cc0000;\">&nbsp;<\/span><\/strong><span style=\"color: #cc0000;\"><span style=\"color: #000000;\">oder hier auf meiner \u00f6ffentlichen Facebook Seite:<\/span><\/span><a href=\"https:\/\/www.facebook.com\/Kuenstle.Photographie?ref=hl\" target=\"_blank\" rel=\"noopener\"> Kuenstle Photographie<\/a><\/p>\n<p>Hier k\u00f6nnt ihr die Shirts zu den City-Fotos bestellen: <a href=\"https:\/\/www.streetpepper.de\" target=\"_blank\" rel=\"noopener\">StreetPepper<\/a><\/p>\n<p>Klaus und sein Brompton! Ein Faltrad auf Reisen! Unsere neue Art zu reisen: <a href=\"http:\/\/www.planetbrompton.de\" target=\"_blank\" rel=\"noopener\">Planet Brompton<\/a><\/p>\n<p>Und, nicht zu vergessen: wir gehen zum Fotografieren und Filmen auch in die Luft mit einem Copter: <a title=\"Luftaufnahmen\" href=\"http:\/\/www.jokeair.de\" target=\"_blank\" rel=\"noopener\">Jokeair<\/a><\/p>\n<p>&nbsp;<\/p>\n","protected":false},"excerpt":{"rendered":"<p>Fr\u00fcher waren es Fotoalben, Poesiealben, Briefe die gesammelt wurden. Im digitalen Zeitalter sind es Webseiten. So ver\u00e4ndert sich das eigene Leben, man schlie\u00dft mit Dingen ab und beginnt Neue. Und so kommt es, da\u00df auch Webseiten sich ver\u00e4ndern oder gar ganz Neue dazu kommen. Hier eine Sammlung meiner \/ unserer gemeinsamen Webseiten. Seiten mit Dingen, [&hellip;]<\/p>\n","protected":false},"author":1,"featured_media":0,"parent":0,"menu_order":0,"comment_status":"open","ping_status":"open","template":"","meta":[],"_links":{"self":[{"href":"https:\/\/www.streetpepper.de\/blog\/wp-json\/wp\/v2\/pages\/1091"}],"collection":[{"href":"https:\/\/www.streetpepper.de\/blog\/wp-json\/wp\/v2\/pages"}],"about":[{"href":"https:\/\/www.streetpepper.de\/blog\/wp-json\/wp\/v2\/types\/page"}],"author":[{"embeddable":true,"href":"https:\/\/www.streetpepper.de\/blog\/wp-json\/wp\/v2\/users\/1"}],"replies":[{"embeddable":true,"href":"https:\/\/www.streetpepper.de\/blog\/wp-json\/wp\/v2\/comments?post=1091"}],"version-history":[{"count":10,"href":"https:\/\/www.streetpepper.de\/blog\/wp-json\/wp\/v2\/pages\/1091\/revisions"}],"predecessor-version":[{"id":1393,"href":"https:\/\/www.streetpepper.de\/blog\/wp-json\/wp\/v2\/pages\/1091\/revisions\/1393"}],"wp:attachment":[{"href":"https:\/\/www.streetpepper.de\/blog\/wp-json\/wp\/v2\/media?parent=1091"}],"curies":[{"name":"wp","href":"https:\/\/api.w.org\/{rel}","templated":true}]}}