{"id":570,"date":"2014-12-08T08:45:49","date_gmt":"2014-12-08T08:45:49","guid":{"rendered":"http:\/\/www.streetpepper.de\/blog\/?page_id=570"},"modified":"2020-01-20T10:32:54","modified_gmt":"2020-01-20T10:32:54","slug":"ich-klaus-momo","status":"publish","type":"page","link":"https:\/\/www.streetpepper.de\/blog\/ich-klaus-momo\/","title":{"rendered":"Ich &#038; Klaus &#038; Momo"},"content":{"rendered":"<p><img decoding=\"async\" loading=\"lazy\" class=\"aligncenter size-medium wp-image-591\" src=\"https:\/\/www.streetpepper.de\/blog\/wp-content\/uploads\/2014\/12\/IchKlausMomo_Andrea-300x96.jpg\" alt=\"IchKlausMomo_Andrea\" width=\"300\" height=\"96\" srcset=\"https:\/\/www.streetpepper.de\/blog\/wp-content\/uploads\/2014\/12\/IchKlausMomo_Andrea-300x96.jpg 300w, https:\/\/www.streetpepper.de\/blog\/wp-content\/uploads\/2014\/12\/IchKlausMomo_Andrea-600x192.jpg 600w, https:\/\/www.streetpepper.de\/blog\/wp-content\/uploads\/2014\/12\/IchKlausMomo_Andrea.jpg 1024w\" sizes=\"(max-width: 300px) 100vw, 300px\" \/><\/p>\n<p>Das bin ich! Andrea. 1968 in Celle geboren. Nach dem Abi hab ich Fotografin gelernt und Fotoingenieurwesen studiert. Dann ist so allerlei passiert. Irgendwann, ich glaube das war 2007, habe ich Klaus auf nem Sportflugplatz kennen gelernt. Dann sind wir zusammen mit unseren 2 Hunden Sammy und Momo von Bonn nach \u00c4gypten und zur\u00fcck geradelt und jetzt seit 2013 in Berlin. Lieben die Stadt, die Menschen und sind st\u00e4ndig auf den Stra\u00dfen mit dem Fahrrad unterwegs. Wenn ihr uns mal seht, dann quatscht uns gerne an. Und wenn ihr wissen wollt, warum ich diesen Blog schreibe, dann lest das gerne hier nach: <span style=\"text-decoration: underline;\"><span style=\"color: #3366ff;\"><a style=\"color: #3366ff; text-decoration: underline;\" href=\"https:\/\/www.streetpepper.de\/blog\/\">StreetPepper Blog<\/a><\/span><\/span><\/p>\n<hr>\n<p><img decoding=\"async\" loading=\"lazy\" class=\"aligncenter size-medium wp-image-592\" src=\"https:\/\/www.streetpepper.de\/blog\/wp-content\/uploads\/2014\/12\/IchKlausMomo_Klaus-300x96.jpg\" alt=\"IchKlausMomo_Klaus\" width=\"300\" height=\"96\" srcset=\"https:\/\/www.streetpepper.de\/blog\/wp-content\/uploads\/2014\/12\/IchKlausMomo_Klaus-300x96.jpg 300w, https:\/\/www.streetpepper.de\/blog\/wp-content\/uploads\/2014\/12\/IchKlausMomo_Klaus-600x192.jpg 600w, https:\/\/www.streetpepper.de\/blog\/wp-content\/uploads\/2014\/12\/IchKlausMomo_Klaus.jpg 1024w\" sizes=\"(max-width: 300px) 100vw, 300px\" \/><\/p>\n<p>Und das ist Klaus! Der ist 1963 geboren. Auch wenn das lange her ist, aber&nbsp;das &#8222;Kind in sich&#8220; hat er &nbsp;\u00fcber all die Jahre mit genommen. F\u00fcr jeden Quatsch zu haben und gerne als Schelm unterwegs. Er ist leidenschaftlicher Programmierer und hat immer neue, manchmal merkw\u00fcrdige Ideen: das beste Schokoladeneis der Welt wollte er machen (die Eismaschine ist aber schon wieder verkauft, hat nicht so ganz gut geklappt), 2 selbst gebaute Copter stehen hier, womit er auch schon viele Luftaufnahmen gemacht hat. Dann gibt es einen 3D Drucker, der mir schon so einige Ersatzteile f\u00fcr das Fahrrad druckte&nbsp;und an was er jetzt gerade arbeite verstehe ich nicht so ganz, aber das macht nix.<\/p>\n<hr>\n<p><img decoding=\"async\" loading=\"lazy\" class=\"aligncenter size-medium wp-image-593\" src=\"https:\/\/www.streetpepper.de\/blog\/wp-content\/uploads\/2014\/12\/IchKlausMomo_Momo-300x96.jpg\" alt=\"IchKlausMomo_Momo\" width=\"300\" height=\"96\" srcset=\"https:\/\/www.streetpepper.de\/blog\/wp-content\/uploads\/2014\/12\/IchKlausMomo_Momo-300x96.jpg 300w, https:\/\/www.streetpepper.de\/blog\/wp-content\/uploads\/2014\/12\/IchKlausMomo_Momo-600x192.jpg 600w, https:\/\/www.streetpepper.de\/blog\/wp-content\/uploads\/2014\/12\/IchKlausMomo_Momo.jpg 1024w\" sizes=\"(max-width: 300px) 100vw, 300px\" \/><\/p>\n<p>Und das ist Momo. 1998 in K\u00f6ln geboren. Mit 5 Jahren habe ich sie da aus einer Familie geholt, die sie nicht mehr wollte. Wir mochten uns am Anfang so garnicht, aber nat\u00fcrlich \u00e4nderte sich das. Jetzt lieben wir uns (das tun Klaus und ich nat\u00fcrlich auch :-)). Sie war mit auf dieser 2 j\u00e4hrigen Fahrradreise und ich glaube jetzt langweilt sie sich manchmal. Aber wenn das Wetter passt, dann ist sie immer dabei, in ihrem DoggyRide Anh\u00e4nger hinten am Fahrrad.<br \/>\nUpdate: Jetzt leider nicht mehr! 2017 ist Momo mit fast 19 Jahren gestorben. Aber irgendwie f\u00e4hrt sie ja doch immer weiter mit!<\/p>\n<p>Zusammen haben wir \u00fcbrigens kein Auto, keinen Fernseher und sind auch noch (fast) Veganer (wir arbeiten daran). Also, wen solche Spassverweigerer&nbsp;nerven, der liest besser nicht weiter in meinem Blog. Sonst \u00e4rgert ihr euch nur permanent und genau das m\u00f6chte ich nicht \ud83d\ude42<\/p>\n","protected":false},"excerpt":{"rendered":"<p>Das bin ich! Andrea. 1968 in Celle geboren. Nach dem Abi hab ich Fotografin gelernt und Fotoingenieurwesen studiert. Dann ist so allerlei passiert. Irgendwann, ich glaube das war 2007, habe ich Klaus auf nem Sportflugplatz kennen gelernt. Dann sind wir zusammen mit unseren 2 Hunden Sammy und Momo von Bonn nach \u00c4gypten und zur\u00fcck geradelt [&hellip;]<\/p>\n","protected":false},"author":1,"featured_media":0,"parent":0,"menu_order":0,"comment_status":"open","ping_status":"open","template":"","meta":[],"_links":{"self":[{"href":"https:\/\/www.streetpepper.de\/blog\/wp-json\/wp\/v2\/pages\/570"}],"collection":[{"href":"https:\/\/www.streetpepper.de\/blog\/wp-json\/wp\/v2\/pages"}],"about":[{"href":"https:\/\/www.streetpepper.de\/blog\/wp-json\/wp\/v2\/types\/page"}],"author":[{"embeddable":true,"href":"https:\/\/www.streetpepper.de\/blog\/wp-json\/wp\/v2\/users\/1"}],"replies":[{"embeddable":true,"href":"https:\/\/www.streetpepper.de\/blog\/wp-json\/wp\/v2\/comments?post=570"}],"version-history":[{"count":18,"href":"https:\/\/www.streetpepper.de\/blog\/wp-json\/wp\/v2\/pages\/570\/revisions"}],"predecessor-version":[{"id":1392,"href":"https:\/\/www.streetpepper.de\/blog\/wp-json\/wp\/v2\/pages\/570\/revisions\/1392"}],"wp:attachment":[{"href":"https:\/\/www.streetpepper.de\/blog\/wp-json\/wp\/v2\/media?parent=570"}],"curies":[{"name":"wp","href":"https:\/\/api.w.org\/{rel}","templated":true}]}}