{"id":292,"date":"2022-03-15T13:58:10","date_gmt":"2022-03-15T12:58:10","guid":{"rendered":"http:\/\/www.streetpepper.de\/worldtravel\/?page_id=292"},"modified":"2023-11-17T09:32:42","modified_gmt":"2023-11-17T08:32:42","slug":"impressum","status":"publish","type":"page","link":"https:\/\/www.streetpepper.de\/worldtravel\/impressum\/","title":{"rendered":"Impressum"},"content":{"rendered":"\n<h6 class=\"wp-block-heading\">Angaben gem\u00e4\u00df \u00a7 5 TMG<\/h6>\n\n\n\n<p>Klaus Breuer &amp; Andrea K\u00fcnstle<br>Propststra\u00dfe 9<br>10178 Berlin<\/p>\n\n\n\n<h6 class=\"wp-block-heading\">Kontakt<\/h6>\n\n\n\n<p>Email:&nbsp;info@streetpepper.de<\/p>\n\n\n\n<h6 class=\"wp-block-heading\">Verantwortlich f\u00fcr den Inhalt nach \u00a7 55 Abs. 2 RStV<\/h6>\n\n\n\n<p>Klaus Breuer\u00a0&amp; Andrea K\u00fcnstle<br>Propststra\u00dfe 9<br>10178 Berlin<\/p>\n\n\n\n<h6 class=\"wp-block-heading\">Quelle:&nbsp;<em>Impressumsgenerator von<\/em>&nbsp;<em><a href=\"http:\/\/www.e-recht24.de\/impressum-generator.html\">http:\/\/www.e-recht24.de<\/a><\/em><\/h6>\n\n\n\n<h6 class=\"wp-block-heading\">Haftung f\u00fcr Inhalte<\/h6>\n\n\n\n<p>Die Inhalte unserer Seiten wurden mit gr\u00f6\u00dfter Sorgfalt erstellt. F\u00fcr die Richtigkeit, Vollst\u00e4ndigkeit und Aktualit\u00e4t der Inhalte k\u00f6nnen wir jedoch keine Gew\u00e4hr \u00fcbernehmen.<\/p>\n\n\n\n<p>Als Diensteanbieter sind wir gem\u00e4\u00df \u00a7 6 Abs.1 MDStV und \u00a7 8 Abs.1 TDG f\u00fcr eigene Inhalte auf diesen Seiten nach den allgemeinen Gesetzen verantwortlich. Diensteanbieter sind jedoch nicht verpflichtet, die von ihnen \u00fcbermittelten oder gespeicherten fremden Informationen zu \u00fcberwachen oder nach Umst\u00e4nden zu forschen, die auf eine rechtswidrige T\u00e4tigkeit hinweisen. Verpflichtungen zur Entfernung oder Sperrung der Nutzung von Informationen nach den allgemeinen Gesetzen bleiben hiervon unber\u00fchrt. Eine diesbez\u00fcgliche Haftung ist jedoch erst ab dem Zeitpunkt der Kenntnis einer konkreten Rechtsverletzung m\u00f6glich. Bei bekannt werden von entsprechenden Rechtsverletzungen werden wir diese Inhalte umgehend entfernen.<\/p>\n\n\n\n<h6 class=\"wp-block-heading\">Haftung f\u00fcr Links<\/h6>\n\n\n\n<p>Unser Angebot enth\u00e4lt Links zu externen Webseiten Dritter, auf deren Inhalte wir keinen Einfluss haben. Deshalb k\u00f6nnen wir f\u00fcr diese fremden Inhalte auch keine Gew\u00e4hr \u00fcbernehmen. F\u00fcr die Inhalte der verlinkten Seiten ist stets der jeweilige Anbieter oder Betreiber der Seiten verantwortlich. Die verlinkten Seiten wurden zum Zeitpunkt der Verlinkung auf m\u00f6gliche Rechtsverst\u00f6\u00dfe \u00fcberpr\u00fcft. Rechtswidrige Inhalte waren zum Zeitpunkt der Verlinkung nicht erkennbar. Eine permanente inhaltliche Kontrolle der verlinkten Seiten ist jedoch ohne konkrete Anhaltspunkte einer Rechtsverletzung nicht zumutbar. Bei bekannt werden von Rechtsverletzungen werden wir derartige Links umgehend entfernen.<\/p>\n\n\n\n<h6 class=\"wp-block-heading\">Urheberrecht<\/h6>\n\n\n\n<p>Die Betreiber der Seiten sind bem\u00fcht, stets die Urheberrechte anderer zu beachten bzw. auf selbst erstellte sowie lizenzfreie Werke zur\u00fcckzugreifen.<\/p>\n\n\n\n<p>Die durch die Seitenbetreiber erstellten Inhalte und Werke auf diesen Seiten unterliegen dem deutschen Urheberrecht. Beitr\u00e4ge Dritter sind als solche gekennzeichnet. Die Vervielf\u00e4ltigung, Bearbeitung, Verbreitung und jede Art der Verwertung au\u00dferhalb der Grenzen des Urheberrechtes bed\u00fcrfen der schriftlichen Zustimmung des jeweiligen Autors bzw. Erstellers. <\/p>\n","protected":false},"excerpt":{"rendered":"<p>Angaben gem\u00e4\u00df \u00a7 5 TMG [&hellip;]<\/p>\n","protected":false},"author":2,"featured_media":0,"parent":0,"menu_order":0,"comment_status":"closed","ping_status":"closed","template":"","meta":{"_coblocks_attr":"","_coblocks_dimensions":"","_coblocks_responsive_height":"","_coblocks_accordion_ie_support":"","footnotes":""},"class_list":["post-292","page","type-page","status-publish","hentry"],"yoast_head":"<!-- This site is optimized with the Yoast SEO plugin v27.4 - https:\/\/yoast.com\/product\/yoast-seo-wordpress\/ -->\n<title>Impressum - world travel<\/title>\n<meta name=\"robots\" content=\"index, follow, max-snippet:-1, max-image-preview:large, max-video-preview:-1\" \/>\n<link rel=\"canonical\" href=\"https:\/\/www.streetpepper.de\/worldtravel\/impressum\/\" \/>\n<meta property=\"og:locale\" content=\"en_GB\" \/>\n<meta property=\"og:type\" content=\"article\" \/>\n<meta property=\"og:title\" content=\"Impressum - world travel\" \/>\n<meta property=\"og:description\" content=\"Angaben gem\u00e4\u00df \u00a7 5 TMG [&hellip;]\" \/>\n<meta property=\"og:url\" content=\"https:\/\/www.streetpepper.de\/worldtravel\/impressum\/\" \/>\n<meta property=\"og:site_name\" content=\"world travel\" \/>\n<meta property=\"article:modified_time\" content=\"2023-11-17T08:32:42+00:00\" \/>\n<meta name=\"twitter:card\" content=\"summary_large_image\" \/>\n<meta name=\"twitter:label1\" content=\"Estimated reading time\" \/>\n\t<meta name=\"twitter:data1\" content=\"2 minutes\" \/>\n<script type=\"application\/ld+json\" class=\"yoast-schema-graph\">{\"@context\":\"https:\\\/\\\/schema.org\",\"@graph\":[{\"@type\":\"WebPage\",\"@id\":\"https:\\\/\\\/www.streetpepper.de\\\/worldtravel\\\/impressum\\\/\",\"url\":\"https:\\\/\\\/www.streetpepper.de\\\/worldtravel\\\/impressum\\\/\",\"name\":\"Impressum - world travel\",\"isPartOf\":{\"@id\":\"https:\\\/\\\/www.streetpepper.de\\\/worldtravel\\\/#website\"},\"datePublished\":\"2022-03-15T12:58:10+00:00\",\"dateModified\":\"2023-11-17T08:32:42+00:00\",\"breadcrumb\":{\"@id\":\"https:\\\/\\\/www.streetpepper.de\\\/worldtravel\\\/impressum\\\/#breadcrumb\"},\"inLanguage\":\"en-GB\",\"potentialAction\":[{\"@type\":\"ReadAction\",\"target\":[\"https:\\\/\\\/www.streetpepper.de\\\/worldtravel\\\/impressum\\\/\"]}]},{\"@type\":\"BreadcrumbList\",\"@id\":\"https:\\\/\\\/www.streetpepper.de\\\/worldtravel\\\/impressum\\\/#breadcrumb\",\"itemListElement\":[{\"@type\":\"ListItem\",\"position\":1,\"name\":\"Startseite\",\"item\":\"https:\\\/\\\/www.streetpepper.de\\\/worldtravel\\\/\"},{\"@type\":\"ListItem\",\"position\":2,\"name\":\"Impressum\"}]},{\"@type\":\"WebSite\",\"@id\":\"https:\\\/\\\/www.streetpepper.de\\\/worldtravel\\\/#website\",\"url\":\"https:\\\/\\\/www.streetpepper.de\\\/worldtravel\\\/\",\"name\":\"world travel\",\"description\":\"This page is about our cycling trip from Berlin once around the world. That&#039;s the plan.\",\"publisher\":{\"@id\":\"https:\\\/\\\/www.streetpepper.de\\\/worldtravel\\\/#\\\/schema\\\/person\\\/7b980c16e6defdeface90928d285b924\"},\"potentialAction\":[{\"@type\":\"SearchAction\",\"target\":{\"@type\":\"EntryPoint\",\"urlTemplate\":\"https:\\\/\\\/www.streetpepper.de\\\/worldtravel\\\/?s={search_term_string}\"},\"query-input\":{\"@type\":\"PropertyValueSpecification\",\"valueRequired\":true,\"valueName\":\"search_term_string\"}}],\"inLanguage\":\"en-GB\"},{\"@type\":[\"Person\",\"Organization\"],\"@id\":\"https:\\\/\\\/www.streetpepper.de\\\/worldtravel\\\/#\\\/schema\\\/person\\\/7b980c16e6defdeface90928d285b924\",\"name\":\"Andrea K\u00fcnstle\",\"image\":{\"@type\":\"ImageObject\",\"inLanguage\":\"en-GB\",\"@id\":\"https:\\\/\\\/www.streetpepper.de\\\/worldtravel\\\/wp-content\\\/uploads\\\/2022\\\/03\\\/AndreaKuenstleProfilbild.jpg\",\"url\":\"https:\\\/\\\/www.streetpepper.de\\\/worldtravel\\\/wp-content\\\/uploads\\\/2022\\\/03\\\/AndreaKuenstleProfilbild.jpg\",\"contentUrl\":\"https:\\\/\\\/www.streetpepper.de\\\/worldtravel\\\/wp-content\\\/uploads\\\/2022\\\/03\\\/AndreaKuenstleProfilbild.jpg\",\"width\":288,\"height\":288,\"caption\":\"Andrea K\u00fcnstle\"},\"logo\":{\"@id\":\"https:\\\/\\\/www.streetpepper.de\\\/worldtravel\\\/wp-content\\\/uploads\\\/2022\\\/03\\\/AndreaKuenstleProfilbild.jpg\"},\"sameAs\":[\"http:\\\/\\\/www.kuenstle.de\"]}]}<\/script>\n<!-- \/ Yoast SEO plugin. -->","yoast_head_json":{"title":"Impressum - world travel","robots":{"index":"index","follow":"follow","max-snippet":"max-snippet:-1","max-image-preview":"max-image-preview:large","max-video-preview":"max-video-preview:-1"},"canonical":"https:\/\/www.streetpepper.de\/worldtravel\/impressum\/","og_locale":"en_GB","og_type":"article","og_title":"Impressum - world travel","og_description":"Angaben gem\u00e4\u00df \u00a7 5 TMG [&hellip;]","og_url":"https:\/\/www.streetpepper.de\/worldtravel\/impressum\/","og_site_name":"world travel","article_modified_time":"2023-11-17T08:32:42+00:00","twitter_card":"summary_large_image","twitter_misc":{"Estimated reading time":"2 minutes"},"schema":{"@context":"https:\/\/schema.org","@graph":[{"@type":"WebPage","@id":"https:\/\/www.streetpepper.de\/worldtravel\/impressum\/","url":"https:\/\/www.streetpepper.de\/worldtravel\/impressum\/","name":"Impressum - world travel","isPartOf":{"@id":"https:\/\/www.streetpepper.de\/worldtravel\/#website"},"datePublished":"2022-03-15T12:58:10+00:00","dateModified":"2023-11-17T08:32:42+00:00","breadcrumb":{"@id":"https:\/\/www.streetpepper.de\/worldtravel\/impressum\/#breadcrumb"},"inLanguage":"en-GB","potentialAction":[{"@type":"ReadAction","target":["https:\/\/www.streetpepper.de\/worldtravel\/impressum\/"]}]},{"@type":"BreadcrumbList","@id":"https:\/\/www.streetpepper.de\/worldtravel\/impressum\/#breadcrumb","itemListElement":[{"@type":"ListItem","position":1,"name":"Startseite","item":"https:\/\/www.streetpepper.de\/worldtravel\/"},{"@type":"ListItem","position":2,"name":"Impressum"}]},{"@type":"WebSite","@id":"https:\/\/www.streetpepper.de\/worldtravel\/#website","url":"https:\/\/www.streetpepper.de\/worldtravel\/","name":"world travel","description":"This page is about our cycling trip from Berlin once around the world. That&#039;s the plan.","publisher":{"@id":"https:\/\/www.streetpepper.de\/worldtravel\/#\/schema\/person\/7b980c16e6defdeface90928d285b924"},"potentialAction":[{"@type":"SearchAction","target":{"@type":"EntryPoint","urlTemplate":"https:\/\/www.streetpepper.de\/worldtravel\/?s={search_term_string}"},"query-input":{"@type":"PropertyValueSpecification","valueRequired":true,"valueName":"search_term_string"}}],"inLanguage":"en-GB"},{"@type":["Person","Organization"],"@id":"https:\/\/www.streetpepper.de\/worldtravel\/#\/schema\/person\/7b980c16e6defdeface90928d285b924","name":"Andrea K\u00fcnstle","image":{"@type":"ImageObject","inLanguage":"en-GB","@id":"https:\/\/www.streetpepper.de\/worldtravel\/wp-content\/uploads\/2022\/03\/AndreaKuenstleProfilbild.jpg","url":"https:\/\/www.streetpepper.de\/worldtravel\/wp-content\/uploads\/2022\/03\/AndreaKuenstleProfilbild.jpg","contentUrl":"https:\/\/www.streetpepper.de\/worldtravel\/wp-content\/uploads\/2022\/03\/AndreaKuenstleProfilbild.jpg","width":288,"height":288,"caption":"Andrea K\u00fcnstle"},"logo":{"@id":"https:\/\/www.streetpepper.de\/worldtravel\/wp-content\/uploads\/2022\/03\/AndreaKuenstleProfilbild.jpg"},"sameAs":["http:\/\/www.kuenstle.de"]}]}},"_links":{"self":[{"href":"https:\/\/www.streetpepper.de\/worldtravel\/wp-json\/wp\/v2\/pages\/292","targetHints":{"allow":["GET"]}}],"collection":[{"href":"https:\/\/www.streetpepper.de\/worldtravel\/wp-json\/wp\/v2\/pages"}],"about":[{"href":"https:\/\/www.streetpepper.de\/worldtravel\/wp-json\/wp\/v2\/types\/page"}],"author":[{"embeddable":true,"href":"https:\/\/www.streetpepper.de\/worldtravel\/wp-json\/wp\/v2\/users\/2"}],"replies":[{"embeddable":true,"href":"https:\/\/www.streetpepper.de\/worldtravel\/wp-json\/wp\/v2\/comments?post=292"}],"version-history":[{"count":2,"href":"https:\/\/www.streetpepper.de\/worldtravel\/wp-json\/wp\/v2\/pages\/292\/revisions"}],"predecessor-version":[{"id":457,"href":"https:\/\/www.streetpepper.de\/worldtravel\/wp-json\/wp\/v2\/pages\/292\/revisions\/457"}],"wp:attachment":[{"href":"https:\/\/www.streetpepper.de\/worldtravel\/wp-json\/wp\/v2\/media?parent=292"}],"curies":[{"name":"wp","href":"https:\/\/api.w.org\/{rel}","templated":true}]}}