{"id":9230,"date":"2024-10-18T20:44:14","date_gmt":"2024-10-18T18:44:14","guid":{"rendered":"https:\/\/www.streetpepper.de\/worldtravel\/?page_id=9230"},"modified":"2025-05-11T21:00:05","modified_gmt":"2025-05-11T19:00:05","slug":"mexico","status":"publish","type":"page","link":"https:\/\/www.streetpepper.de\/worldtravel\/mexico\/","title":{"rendered":"Mexico"},"content":{"rendered":"<div class=\"wp-block-coblocks-posts is-style-stacked\"><div class=\"wp-block-coblocks-posts__inner has-columns has-2-columns has-responsive-columns has-square-image\"><div class=\"wp-block-coblocks-posts__item\"><div class=\"wp-block-coblocks-posts__image\"><a href=\"https:\/\/www.streetpepper.de\/worldtravel\/2024\/12\/21\/adios-mexico\/\" class=\"bg-cover bg-center-center\" style=\"background-image:url(https:\/\/www.streetpepper.de\/worldtravel\/wp-content\/uploads\/2024\/12\/IMG_2006-600x800.jpg)\"><\/a><\/div><div class=\"wp-block-coblocks-posts__content\"><time datetime=\"\" class=\"wp-block-coblocks-posts__date\">21. December 2024<\/time><a href=\"https:\/\/www.streetpepper.de\/worldtravel\/2024\/12\/21\/adios-mexico\/\" alt=\"\u00a1Adi\u00f3s! M\u00e9xico\">\u00a1Adi\u00f3s! M\u00e9xico<\/a><div class=\"wp-block-coblocks-posts__excerpt\">\u00a1Adi\u00f3s! Leaving Mexico also means leaving the Spanish-speaking countries that we have &hellip; <\/div><\/div><\/div><div class=\"wp-block-coblocks-posts__item\"><div class=\"wp-block-coblocks-posts__image\"><a href=\"https:\/\/www.streetpepper.de\/worldtravel\/2024\/12\/08\/mexico-first-days\/\" class=\"bg-cover bg-center-center\" style=\"background-image:url(https:\/\/www.streetpepper.de\/worldtravel\/wp-content\/uploads\/2024\/12\/IMG_6021-600x800.jpg)\"><\/a><\/div><div class=\"wp-block-coblocks-posts__content\"><time datetime=\"\" class=\"wp-block-coblocks-posts__date\">8. December 2024<\/time><a href=\"https:\/\/www.streetpepper.de\/worldtravel\/2024\/12\/08\/mexico-first-days\/\" alt=\"Mexico &#8211; first days\">Mexico &#8211; first days<\/a><div class=\"wp-block-coblocks-posts__excerpt\">\u00a1Arriba! \u00a1Arriba! \u00a1\u00c1ndale! \u00a1\u00c1ndale!Clich\u00e9s, clich\u00e9s\u2026 my image in my head of Mexico &hellip; <\/div><\/div><\/div><\/div><\/div>\n\n\n<p><\/p>\n","protected":false},"excerpt":{"rendered":"","protected":false},"author":1,"featured_media":0,"parent":0,"menu_order":0,"comment_status":"closed","ping_status":"closed","template":"","meta":{"_coblocks_attr":"","_coblocks_dimensions":"","_coblocks_responsive_height":"","_coblocks_accordion_ie_support":"","footnotes":""},"class_list":["post-9230","page","type-page","status-publish","hentry"],"yoast_head":"<!-- This site is optimized with the Yoast SEO plugin v27.4 - https:\/\/yoast.com\/product\/yoast-seo-wordpress\/ -->\n<title>Mexico - world travel<\/title>\n<meta name=\"robots\" content=\"index, follow, max-snippet:-1, max-image-preview:large, max-video-preview:-1\" \/>\n<link rel=\"canonical\" href=\"https:\/\/www.streetpepper.de\/worldtravel\/mexico\/\" \/>\n<meta property=\"og:locale\" content=\"en_GB\" \/>\n<meta property=\"og:type\" content=\"article\" \/>\n<meta property=\"og:title\" content=\"Mexico - world travel\" \/>\n<meta property=\"og:url\" content=\"https:\/\/www.streetpepper.de\/worldtravel\/mexico\/\" \/>\n<meta property=\"og:site_name\" content=\"world travel\" \/>\n<meta property=\"article:modified_time\" content=\"2025-05-11T19:00:05+00:00\" \/>\n<meta name=\"twitter:card\" content=\"summary_large_image\" \/>\n<script type=\"application\/ld+json\" class=\"yoast-schema-graph\">{\"@context\":\"https:\\\/\\\/schema.org\",\"@graph\":[{\"@type\":\"WebPage\",\"@id\":\"https:\\\/\\\/www.streetpepper.de\\\/worldtravel\\\/mexico\\\/\",\"url\":\"https:\\\/\\\/www.streetpepper.de\\\/worldtravel\\\/mexico\\\/\",\"name\":\"Mexico - world travel\",\"isPartOf\":{\"@id\":\"https:\\\/\\\/www.streetpepper.de\\\/worldtravel\\\/#website\"},\"datePublished\":\"2024-10-18T18:44:14+00:00\",\"dateModified\":\"2025-05-11T19:00:05+00:00\",\"breadcrumb\":{\"@id\":\"https:\\\/\\\/www.streetpepper.de\\\/worldtravel\\\/mexico\\\/#breadcrumb\"},\"inLanguage\":\"en-GB\",\"potentialAction\":[{\"@type\":\"ReadAction\",\"target\":[\"https:\\\/\\\/www.streetpepper.de\\\/worldtravel\\\/mexico\\\/\"]}]},{\"@type\":\"BreadcrumbList\",\"@id\":\"https:\\\/\\\/www.streetpepper.de\\\/worldtravel\\\/mexico\\\/#breadcrumb\",\"itemListElement\":[{\"@type\":\"ListItem\",\"position\":1,\"name\":\"Startseite\",\"item\":\"https:\\\/\\\/www.streetpepper.de\\\/worldtravel\\\/\"},{\"@type\":\"ListItem\",\"position\":2,\"name\":\"Mexico\"}]},{\"@type\":\"WebSite\",\"@id\":\"https:\\\/\\\/www.streetpepper.de\\\/worldtravel\\\/#website\",\"url\":\"https:\\\/\\\/www.streetpepper.de\\\/worldtravel\\\/\",\"name\":\"world travel\",\"description\":\"This page is about our cycling trip from Berlin once around the world. That&#039;s the plan.\",\"publisher\":{\"@id\":\"https:\\\/\\\/www.streetpepper.de\\\/worldtravel\\\/#\\\/schema\\\/person\\\/7b980c16e6defdeface90928d285b924\"},\"potentialAction\":[{\"@type\":\"SearchAction\",\"target\":{\"@type\":\"EntryPoint\",\"urlTemplate\":\"https:\\\/\\\/www.streetpepper.de\\\/worldtravel\\\/?s={search_term_string}\"},\"query-input\":{\"@type\":\"PropertyValueSpecification\",\"valueRequired\":true,\"valueName\":\"search_term_string\"}}],\"inLanguage\":\"en-GB\"},{\"@type\":[\"Person\",\"Organization\"],\"@id\":\"https:\\\/\\\/www.streetpepper.de\\\/worldtravel\\\/#\\\/schema\\\/person\\\/7b980c16e6defdeface90928d285b924\",\"name\":\"Andrea K\u00fcnstle\",\"image\":{\"@type\":\"ImageObject\",\"inLanguage\":\"en-GB\",\"@id\":\"https:\\\/\\\/www.streetpepper.de\\\/worldtravel\\\/wp-content\\\/uploads\\\/2022\\\/03\\\/AndreaKuenstleProfilbild.jpg\",\"url\":\"https:\\\/\\\/www.streetpepper.de\\\/worldtravel\\\/wp-content\\\/uploads\\\/2022\\\/03\\\/AndreaKuenstleProfilbild.jpg\",\"contentUrl\":\"https:\\\/\\\/www.streetpepper.de\\\/worldtravel\\\/wp-content\\\/uploads\\\/2022\\\/03\\\/AndreaKuenstleProfilbild.jpg\",\"width\":288,\"height\":288,\"caption\":\"Andrea K\u00fcnstle\"},\"logo\":{\"@id\":\"https:\\\/\\\/www.streetpepper.de\\\/worldtravel\\\/wp-content\\\/uploads\\\/2022\\\/03\\\/AndreaKuenstleProfilbild.jpg\"},\"sameAs\":[\"http:\\\/\\\/www.kuenstle.de\"]}]}<\/script>\n<!-- \/ Yoast SEO plugin. -->","yoast_head_json":{"title":"Mexico - world travel","robots":{"index":"index","follow":"follow","max-snippet":"max-snippet:-1","max-image-preview":"max-image-preview:large","max-video-preview":"max-video-preview:-1"},"canonical":"https:\/\/www.streetpepper.de\/worldtravel\/mexico\/","og_locale":"en_GB","og_type":"article","og_title":"Mexico - world travel","og_url":"https:\/\/www.streetpepper.de\/worldtravel\/mexico\/","og_site_name":"world travel","article_modified_time":"2025-05-11T19:00:05+00:00","twitter_card":"summary_large_image","schema":{"@context":"https:\/\/schema.org","@graph":[{"@type":"WebPage","@id":"https:\/\/www.streetpepper.de\/worldtravel\/mexico\/","url":"https:\/\/www.streetpepper.de\/worldtravel\/mexico\/","name":"Mexico - world travel","isPartOf":{"@id":"https:\/\/www.streetpepper.de\/worldtravel\/#website"},"datePublished":"2024-10-18T18:44:14+00:00","dateModified":"2025-05-11T19:00:05+00:00","breadcrumb":{"@id":"https:\/\/www.streetpepper.de\/worldtravel\/mexico\/#breadcrumb"},"inLanguage":"en-GB","potentialAction":[{"@type":"ReadAction","target":["https:\/\/www.streetpepper.de\/worldtravel\/mexico\/"]}]},{"@type":"BreadcrumbList","@id":"https:\/\/www.streetpepper.de\/worldtravel\/mexico\/#breadcrumb","itemListElement":[{"@type":"ListItem","position":1,"name":"Startseite","item":"https:\/\/www.streetpepper.de\/worldtravel\/"},{"@type":"ListItem","position":2,"name":"Mexico"}]},{"@type":"WebSite","@id":"https:\/\/www.streetpepper.de\/worldtravel\/#website","url":"https:\/\/www.streetpepper.de\/worldtravel\/","name":"world travel","description":"This page is about our cycling trip from Berlin once around the world. That&#039;s the plan.","publisher":{"@id":"https:\/\/www.streetpepper.de\/worldtravel\/#\/schema\/person\/7b980c16e6defdeface90928d285b924"},"potentialAction":[{"@type":"SearchAction","target":{"@type":"EntryPoint","urlTemplate":"https:\/\/www.streetpepper.de\/worldtravel\/?s={search_term_string}"},"query-input":{"@type":"PropertyValueSpecification","valueRequired":true,"valueName":"search_term_string"}}],"inLanguage":"en-GB"},{"@type":["Person","Organization"],"@id":"https:\/\/www.streetpepper.de\/worldtravel\/#\/schema\/person\/7b980c16e6defdeface90928d285b924","name":"Andrea K\u00fcnstle","image":{"@type":"ImageObject","inLanguage":"en-GB","@id":"https:\/\/www.streetpepper.de\/worldtravel\/wp-content\/uploads\/2022\/03\/AndreaKuenstleProfilbild.jpg","url":"https:\/\/www.streetpepper.de\/worldtravel\/wp-content\/uploads\/2022\/03\/AndreaKuenstleProfilbild.jpg","contentUrl":"https:\/\/www.streetpepper.de\/worldtravel\/wp-content\/uploads\/2022\/03\/AndreaKuenstleProfilbild.jpg","width":288,"height":288,"caption":"Andrea K\u00fcnstle"},"logo":{"@id":"https:\/\/www.streetpepper.de\/worldtravel\/wp-content\/uploads\/2022\/03\/AndreaKuenstleProfilbild.jpg"},"sameAs":["http:\/\/www.kuenstle.de"]}]}},"_links":{"self":[{"href":"https:\/\/www.streetpepper.de\/worldtravel\/wp-json\/wp\/v2\/pages\/9230","targetHints":{"allow":["GET"]}}],"collection":[{"href":"https:\/\/www.streetpepper.de\/worldtravel\/wp-json\/wp\/v2\/pages"}],"about":[{"href":"https:\/\/www.streetpepper.de\/worldtravel\/wp-json\/wp\/v2\/types\/page"}],"author":[{"embeddable":true,"href":"https:\/\/www.streetpepper.de\/worldtravel\/wp-json\/wp\/v2\/users\/1"}],"replies":[{"embeddable":true,"href":"https:\/\/www.streetpepper.de\/worldtravel\/wp-json\/wp\/v2\/comments?post=9230"}],"version-history":[{"count":2,"href":"https:\/\/www.streetpepper.de\/worldtravel\/wp-json\/wp\/v2\/pages\/9230\/revisions"}],"predecessor-version":[{"id":10633,"href":"https:\/\/www.streetpepper.de\/worldtravel\/wp-json\/wp\/v2\/pages\/9230\/revisions\/10633"}],"wp:attachment":[{"href":"https:\/\/www.streetpepper.de\/worldtravel\/wp-json\/wp\/v2\/media?parent=9230"}],"curies":[{"name":"wp","href":"https:\/\/api.w.org\/{rel}","templated":true}]}}